{"id":208,"date":"2024-06-26T23:26:21","date_gmt":"2024-06-26T23:26:21","guid":{"rendered":"https:\/\/portfolio.lhcontent.com.br\/construexpo\/?page_id=208"},"modified":"2024-06-27T13:54:38","modified_gmt":"2024-06-27T13:54:38","slug":"sobre-nos","status":"publish","type":"page","link":"https:\/\/portfolio.lhcontent.com.br\/construexpo\/sobre-nos\/","title":{"rendered":"Sobre n\u00f3s"},"content":{"rendered":"\t\t<div data-elementor-type=\"wp-page\" data-elementor-id=\"208\" class=\"elementor elementor-208\" data-elementor-post-type=\"page\">\n\t\t\t\t\t\t<section class=\"elementor-section elementor-top-section elementor-element elementor-element-aa94597 elementor-section-boxed elementor-section-height-default elementor-section-height-default\" data-id=\"aa94597\" data-element_type=\"section\" data-settings=\"{&quot;background_background&quot;:&quot;gradient&quot;}\">\n\t\t\t\t\t\t\t<div class=\"elementor-background-overlay\"><\/div>\n\t\t\t\t\t\t\t<div class=\"elementor-container elementor-column-gap-default\">\n\t\t\t\t\t<div class=\"elementor-column elementor-col-100 elementor-top-column elementor-element elementor-element-5941c3d\" data-id=\"5941c3d\" data-element_type=\"column\">\n\t\t\t<div class=\"elementor-widget-wrap elementor-element-populated\">\n\t\t\t\t\t\t<div class=\"elementor-element elementor-element-cecb167 elementor-widget elementor-widget-heading\" data-id=\"cecb167\" data-element_type=\"widget\" data-widget_type=\"heading.default\">\n\t\t\t\t<div class=\"elementor-widget-container\">\n\t\t\t<style>\/*! elementor - v3.22.0 - 26-06-2024 *\/\n.elementor-heading-title{padding:0;margin:0;line-height:1}.elementor-widget-heading .elementor-heading-title[class*=elementor-size-]>a{color:inherit;font-size:inherit;line-height:inherit}.elementor-widget-heading .elementor-heading-title.elementor-size-small{font-size:15px}.elementor-widget-heading .elementor-heading-title.elementor-size-medium{font-size:19px}.elementor-widget-heading .elementor-heading-title.elementor-size-large{font-size:29px}.elementor-widget-heading .elementor-heading-title.elementor-size-xl{font-size:39px}.elementor-widget-heading .elementor-heading-title.elementor-size-xxl{font-size:59px}<\/style><h3 class=\"elementor-heading-title elementor-size-default\">Sobre n\u00f3s<\/h3>\t\t<\/div>\n\t\t\t\t<\/div>\n\t\t\t\t\t<\/div>\n\t\t<\/div>\n\t\t\t\t\t<\/div>\n\t\t<\/section>\n\t\t\t\t<section class=\"elementor-section elementor-top-section elementor-element elementor-element-93cb97f elementor-section-content-middle elementor-section-boxed elementor-section-height-default elementor-section-height-default\" data-id=\"93cb97f\" data-element_type=\"section\" data-settings=\"{&quot;background_background&quot;:&quot;classic&quot;}\">\n\t\t\t\t\t\t\t<div class=\"elementor-background-overlay\"><\/div>\n\t\t\t\t\t\t\t<div class=\"elementor-container elementor-column-gap-default\">\n\t\t\t\t\t<div class=\"elementor-column elementor-col-50 elementor-top-column elementor-element elementor-element-d9f63bd\" data-id=\"d9f63bd\" data-element_type=\"column\" data-settings=\"{&quot;background_background&quot;:&quot;classic&quot;}\">\n\t\t\t<div class=\"elementor-widget-wrap elementor-element-populated\">\n\t\t\t\t\t\t<div class=\"elementor-element elementor-element-3e0c4ce elementor-widget__width-initial elementor-widget elementor-widget-elementskit-heading\" data-id=\"3e0c4ce\" data-element_type=\"widget\" data-widget_type=\"elementskit-heading.default\">\n\t\t\t\t<div class=\"elementor-widget-container\">\n\t\t\t<div class=\"ekit-wid-con\" ><div class=\"ekit-heading elementskit-section-title-wraper text_left   ekit_heading_tablet-text_center   ekit_heading_mobile-text_center\"><h2 class=\"ekit-heading--title elementskit-section-title \">O que \u00e9 a <span><span>Construexpo<\/span><\/span>?<\/h2>\t\t\t\t<div class='ekit-heading__description'>\n\t\t\t\t\t<div class=\"elementor-element elementor-element-6dd4565 elementor-widget elementor-widget-text-editor\">\n<div class=\"elementor-widget-container\">\n<p>Trata-se de um evento com credibilidade de relev\u00e2ncia nacional. O objetivo \u00e9 gerar neg\u00f3cios e levar desenvolvimento aos setores da constru\u00e7\u00e3o civil.<\/p>\n<\/div>\n<\/div>\n<div class=\"elementor-element elementor-element-6a7e0bd elementor-widget elementor-widget-text-editor\">\n<div class=\"elementor-widget-container\">\n<p>A\u00a0<strong>Construexpo Atibaia<\/strong>\u00a0re\u00fane expositores dos setores da constru\u00e7\u00e3o civil\u00a0 apresentando inova\u00e7\u00f5es e solu\u00e7\u00f5es sustent\u00e1veis ao setor. Em 2023, o\u00a0<b>evento foi um sucesso<\/b>, potencializando a gera\u00e7\u00e3o de neg\u00f3cios no setor.<\/p>\n<\/div>\n<\/div>\n<div class=\"elementor-element elementor-element-104d511 elementor-widget elementor-widget-text-editor\">\n<div class=\"elementor-widget-container\">Durante os quatro dias de evento, a Construexpo recebe profissionais como engenheiros, arquitetos, construtores e investidores com o objetivo de firmar parcerias e conhecer novidades e inova\u00e7\u00f5es tecnol\u00f3gicas.<\/div>\n<\/div>\n<div class=\"elementor-element elementor-element-c37e2e4 elementor-widget elementor-widget-text-editor\">\n<div class=\"elementor-widget-container\"><strong>Com<\/strong>\u00a0<b>entrada gratuita, os visitantes\u00a0<\/b>ter\u00e3o um panorama sobre o mix de produtos e servi\u00e7os nos setores da constru\u00e7\u00e3o civil, diversos sistemas construtivos, arquitetura e sustentabilidade, sendo esse um dos temas de destaque nos pain\u00e9is de palestras ministradas por especialistas.<\/div>\n<\/div>\n\t\t\t\t<\/div>\n\t\t\t<\/div><\/div>\t\t<\/div>\n\t\t\t\t<\/div>\n\t\t\t\t<div class=\"elementor-element elementor-element-aa7f149 elementor-widget elementor-widget-spacer\" data-id=\"aa7f149\" data-element_type=\"widget\" data-widget_type=\"spacer.default\">\n\t\t\t\t<div class=\"elementor-widget-container\">\n\t\t\t<style>\/*! elementor - v3.22.0 - 26-06-2024 *\/\n.elementor-column .elementor-spacer-inner{height:var(--spacer-size)}.e-con{--container-widget-width:100%}.e-con-inner>.elementor-widget-spacer,.e-con>.elementor-widget-spacer{width:var(--container-widget-width,var(--spacer-size));--align-self:var(--container-widget-align-self,initial);--flex-shrink:0}.e-con-inner>.elementor-widget-spacer>.elementor-widget-container,.e-con>.elementor-widget-spacer>.elementor-widget-container{height:100%;width:100%}.e-con-inner>.elementor-widget-spacer>.elementor-widget-container>.elementor-spacer,.e-con>.elementor-widget-spacer>.elementor-widget-container>.elementor-spacer{height:100%}.e-con-inner>.elementor-widget-spacer>.elementor-widget-container>.elementor-spacer>.elementor-spacer-inner,.e-con>.elementor-widget-spacer>.elementor-widget-container>.elementor-spacer>.elementor-spacer-inner{height:var(--container-widget-height,var(--spacer-size))}.e-con-inner>.elementor-widget-spacer.elementor-widget-empty,.e-con>.elementor-widget-spacer.elementor-widget-empty{position:relative;min-height:22px;min-width:22px}.e-con-inner>.elementor-widget-spacer.elementor-widget-empty .elementor-widget-empty-icon,.e-con>.elementor-widget-spacer.elementor-widget-empty .elementor-widget-empty-icon{position:absolute;top:0;bottom:0;left:0;right:0;margin:auto;padding:0;width:22px;height:22px}<\/style>\t\t<div class=\"elementor-spacer\">\n\t\t\t<div class=\"elementor-spacer-inner\"><\/div>\n\t\t<\/div>\n\t\t\t\t<\/div>\n\t\t\t\t<\/div>\n\t\t\t\t<div class=\"elementor-element elementor-element-971e8d4 elementor-widget elementor-widget-spacer\" data-id=\"971e8d4\" data-element_type=\"widget\" data-widget_type=\"spacer.default\">\n\t\t\t\t<div class=\"elementor-widget-container\">\n\t\t\t\t\t<div class=\"elementor-spacer\">\n\t\t\t<div class=\"elementor-spacer-inner\"><\/div>\n\t\t<\/div>\n\t\t\t\t<\/div>\n\t\t\t\t<\/div>\n\t\t\t\t\t<\/div>\n\t\t<\/div>\n\t\t\t\t<div class=\"elementor-column elementor-col-50 elementor-top-column elementor-element elementor-element-e654338\" data-id=\"e654338\" data-element_type=\"column\">\n\t\t\t<div class=\"elementor-widget-wrap elementor-element-populated\">\n\t\t\t\t\t\t<section class=\"elementor-section elementor-inner-section elementor-element elementor-element-fa30d71 elementor-section-boxed elementor-section-height-default elementor-section-height-default\" data-id=\"fa30d71\" data-element_type=\"section\" data-settings=\"{&quot;background_background&quot;:&quot;classic&quot;}\">\n\t\t\t\t\t\t\t<div class=\"elementor-background-overlay\"><\/div>\n\t\t\t\t\t\t\t<div class=\"elementor-container elementor-column-gap-no\">\n\t\t\t\t\t<div class=\"elementor-column elementor-col-100 elementor-inner-column elementor-element elementor-element-50369e9\" data-id=\"50369e9\" data-element_type=\"column\">\n\t\t\t<div class=\"elementor-widget-wrap elementor-element-populated\">\n\t\t\t\t\t\t<div class=\"elementor-element elementor-element-87c58c5 elementor-widget elementor-widget-video\" data-id=\"87c58c5\" data-element_type=\"widget\" data-settings=\"{&quot;youtube_url&quot;:&quot;https:\\\/\\\/youtu.be\\\/LZ_MYcUVlWg&quot;,&quot;autoplay&quot;:&quot;yes&quot;,&quot;play_on_mobile&quot;:&quot;yes&quot;,&quot;modestbranding&quot;:&quot;yes&quot;,&quot;video_type&quot;:&quot;youtube&quot;,&quot;controls&quot;:&quot;yes&quot;}\" data-widget_type=\"video.default\">\n\t\t\t\t<div class=\"elementor-widget-container\">\n\t\t\t<style>\/*! elementor - v3.22.0 - 26-06-2024 *\/\n.elementor-widget-video .elementor-widget-container{overflow:hidden;transform:translateZ(0)}.elementor-widget-video .elementor-wrapper{aspect-ratio:var(--video-aspect-ratio)}.elementor-widget-video .elementor-wrapper iframe,.elementor-widget-video .elementor-wrapper video{height:100%;width:100%;display:flex;border:none;background-color:#000}@supports not (aspect-ratio:1\/1){.elementor-widget-video .elementor-wrapper{position:relative;overflow:hidden;height:0;padding-bottom:calc(100% \/ var(--video-aspect-ratio))}.elementor-widget-video .elementor-wrapper iframe,.elementor-widget-video .elementor-wrapper video{position:absolute;top:0;right:0;bottom:0;left:0}}.elementor-widget-video .elementor-open-inline .elementor-custom-embed-image-overlay{position:absolute;top:0;right:0;bottom:0;left:0;background-size:cover;background-position:50%}.elementor-widget-video .elementor-custom-embed-image-overlay{cursor:pointer;text-align:center}.elementor-widget-video .elementor-custom-embed-image-overlay:hover .elementor-custom-embed-play i{opacity:1}.elementor-widget-video .elementor-custom-embed-image-overlay img{display:block;width:100%;aspect-ratio:var(--video-aspect-ratio);-o-object-fit:cover;object-fit:cover;-o-object-position:center center;object-position:center center}@supports not (aspect-ratio:1\/1){.elementor-widget-video .elementor-custom-embed-image-overlay{position:relative;overflow:hidden;height:0;padding-bottom:calc(100% \/ var(--video-aspect-ratio))}.elementor-widget-video .elementor-custom-embed-image-overlay img{position:absolute;top:0;right:0;bottom:0;left:0}}.elementor-widget-video .e-hosted-video .elementor-video{-o-object-fit:cover;object-fit:cover}.e-con-inner>.elementor-widget-video,.e-con>.elementor-widget-video{width:var(--container-widget-width);--flex-grow:var(--container-widget-flex-grow)}<\/style>\t\t<div class=\"elementor-wrapper elementor-open-inline\">\n\t\t\t<div class=\"elementor-video\"><\/div>\t\t<\/div>\n\t\t\t\t<\/div>\n\t\t\t\t<\/div>\n\t\t\t\t\t<\/div>\n\t\t<\/div>\n\t\t\t\t\t<\/div>\n\t\t<\/section>\n\t\t\t\t\t<\/div>\n\t\t<\/div>\n\t\t\t\t\t<\/div>\n\t\t<\/section>\n\t\t<div class=\"elementor-element elementor-element-d53ff77 e-flex e-con-boxed e-con e-parent\" data-id=\"d53ff77\" data-element_type=\"container\">\n\t\t\t\t\t<div class=\"e-con-inner\">\n\t\t<div class=\"elementor-element elementor-element-816bc4b e-con-full e-flex e-con e-child\" data-id=\"816bc4b\" data-element_type=\"container\">\n\t\t\t\t<div class=\"elementor-element elementor-element-f9343e5 elementor-widget__width-initial elementor-widget elementor-widget-elementskit-heading\" data-id=\"f9343e5\" data-element_type=\"widget\" data-widget_type=\"elementskit-heading.default\">\n\t\t\t\t<div class=\"elementor-widget-container\">\n\t\t\t<div class=\"ekit-wid-con\" ><div class=\"ekit-heading elementskit-section-title-wraper text_left   ekit_heading_tablet-text_center   ekit_heading_mobile-text_center\"><h2 class=\"ekit-heading--title elementskit-section-title \">Mapa Construexpo <span>2024<\/span><\/h2><\/div><\/div>\t\t<\/div>\n\t\t\t\t<\/div>\n\t\t\t\t<div class=\"elementor-element elementor-element-c94e524 elementor-widget elementor-widget-image\" data-id=\"c94e524\" data-element_type=\"widget\" data-widget_type=\"image.default\">\n\t\t\t\t<div class=\"elementor-widget-container\">\n\t\t\t<style>\/*! elementor - v3.22.0 - 26-06-2024 *\/\n.elementor-widget-image{text-align:center}.elementor-widget-image a{display:inline-block}.elementor-widget-image a img[src$=\".svg\"]{width:48px}.elementor-widget-image img{vertical-align:middle;display:inline-block}<\/style>\t\t\t\t\t\t\t\t\t\t<img fetchpriority=\"high\" decoding=\"async\" width=\"800\" height=\"565\" src=\"https:\/\/portfolio.lhcontent.com.br\/construexpo\/wp-content\/uploads\/2024\/06\/15-18-AGOSTO-qp6oi9bi10ndqq0tvtwc92vc2g1h5rvb684dpyfb5q.webp\" class=\"attachment-large size-large wp-image-659\" alt=\"\" srcset=\"https:\/\/portfolio.lhcontent.com.br\/construexpo\/wp-content\/uploads\/2024\/06\/15-18-AGOSTO-qp6oi9bi10ndqq0tvtwc92vc2g1h5rvb684dpyfb5q.webp 1024w, https:\/\/portfolio.lhcontent.com.br\/construexpo\/wp-content\/uploads\/2024\/06\/15-18-AGOSTO-qp6oi9bi10ndqq0tvtwc92vc2g1h5rvb684dpyfb5q-300x212.webp 300w, https:\/\/portfolio.lhcontent.com.br\/construexpo\/wp-content\/uploads\/2024\/06\/15-18-AGOSTO-qp6oi9bi10ndqq0tvtwc92vc2g1h5rvb684dpyfb5q-768x542.webp 768w, https:\/\/portfolio.lhcontent.com.br\/construexpo\/wp-content\/uploads\/2024\/06\/15-18-AGOSTO-qp6oi9bi10ndqq0tvtwc92vc2g1h5rvb684dpyfb5q-600x424.webp 600w\" sizes=\"(max-width: 800px) 100vw, 800px\" \/>\t\t\t\t\t\t\t\t\t\t\t\t\t<\/div>\n\t\t\t\t<\/div>\n\t\t\t\t<\/div>\n\t\t\t\t\t<\/div>\n\t\t\t\t<\/div>\n\t\t\t\t<\/div>\n\t\t","protected":false},"excerpt":{"rendered":"<p>Sobre n\u00f3s O que \u00e9 a Construexpo? Trata-se de um evento com credibilidade de relev\u00e2ncia nacional. O objetivo \u00e9 gerar neg\u00f3cios e levar desenvolvimento aos setores da constru\u00e7\u00e3o civil. A\u00a0Construexpo Atibaia\u00a0re\u00fane expositores dos setores da constru\u00e7\u00e3o civil\u00a0 apresentando inova\u00e7\u00f5es e solu\u00e7\u00f5es sustent\u00e1veis ao setor. Em 2023, o\u00a0evento foi um sucesso, potencializando a gera\u00e7\u00e3o de neg\u00f3cios [&hellip;]<\/p>\n","protected":false},"author":1,"featured_media":0,"parent":0,"menu_order":0,"comment_status":"closed","ping_status":"closed","template":"","meta":{"footnotes":""},"class_list":["post-208","page","type-page","status-publish","hentry"],"_links":{"self":[{"href":"https:\/\/portfolio.lhcontent.com.br\/construexpo\/wp-json\/wp\/v2\/pages\/208","targetHints":{"allow":["GET"]}}],"collection":[{"href":"https:\/\/portfolio.lhcontent.com.br\/construexpo\/wp-json\/wp\/v2\/pages"}],"about":[{"href":"https:\/\/portfolio.lhcontent.com.br\/construexpo\/wp-json\/wp\/v2\/types\/page"}],"author":[{"embeddable":true,"href":"https:\/\/portfolio.lhcontent.com.br\/construexpo\/wp-json\/wp\/v2\/users\/1"}],"replies":[{"embeddable":true,"href":"https:\/\/portfolio.lhcontent.com.br\/construexpo\/wp-json\/wp\/v2\/comments?post=208"}],"version-history":[{"count":22,"href":"https:\/\/portfolio.lhcontent.com.br\/construexpo\/wp-json\/wp\/v2\/pages\/208\/revisions"}],"predecessor-version":[{"id":668,"href":"https:\/\/portfolio.lhcontent.com.br\/construexpo\/wp-json\/wp\/v2\/pages\/208\/revisions\/668"}],"wp:attachment":[{"href":"https:\/\/portfolio.lhcontent.com.br\/construexpo\/wp-json\/wp\/v2\/media?parent=208"}],"curies":[{"name":"wp","href":"https:\/\/api.w.org\/{rel}","templated":true}]}}